{"id":1042,"date":"2025-01-31T13:17:25","date_gmt":"2025-01-31T13:17:25","guid":{"rendered":"https:\/\/rottadiroz.com\/?page_id=1042"},"modified":"2025-08-25T10:42:42","modified_gmt":"2025-08-25T10:42:42","slug":"preferences-de-non-participation","status":"publish","type":"page","link":"https:\/\/rottadiroz.com\/?page_id=1042","title":{"rendered":"Pr\u00e9f\u00e9rences de non-participation"},"content":{"rendered":"<p>Chez Rottadiroz, nous respectons votre vie priv\u00e9e et nous nous engageons \u00e0 vous fournir des options claires et simples pour g\u00e9rer vos pr\u00e9f\u00e9rences en mati\u00e8re de donn\u00e9es. Nous nous conformons aux lois et r\u00e9glementations relatives \u00e0 la protection de la vie priv\u00e9e, notamment le R\u00e8glement g\u00e9n\u00e9ral sur la protection des donn\u00e9es (RGPD), le California Consumer Privacy Act (CCPA) et d&rsquo;autres lois applicables.<\/p>\n<p>Cette section explique comment vous pouvez g\u00e9rer vos pr\u00e9f\u00e9rences en mati\u00e8re de collecte de donn\u00e9es, de cookies, de communications marketing et d&rsquo;autres technologies de suivi.<\/p>\n<p>Gestion des cookies et des technologies de suivi<br \/>\nLes cookies sont de petits fichiers plac\u00e9s sur votre appareil pour nous aider \u00e0 comprendre comment vous utilisez notre site web et \u00e0 am\u00e9liorer votre exp\u00e9rience de navigation. Nous utilisons des cookies de premi\u00e8re partie et de tierce partie pour l&rsquo;analyse, la publicit\u00e9 et d&rsquo;autres fonctionnalit\u00e9s du site.<\/p>\n<p>Banni\u00e8re de consentement aux cookies : Lors de votre premi\u00e8re visite sur notre site web, vous verrez une banni\u00e8re de consentement aux cookies. Vous pouvez accepter ou refuser les cookies ou personnaliser vos pr\u00e9f\u00e9rences en fonction de vos besoins.<br \/>\nModification des param\u00e8tres relatifs aux cookies : Vous pouvez g\u00e9rer ou d\u00e9sactiver les cookies \u00e0 tout moment par le biais des param\u00e8tres de votre navigateur. Veuillez noter que la d\u00e9sactivation de certains cookies peut avoir un impact sur la fonctionnalit\u00e9 de notre site web.<br \/>\nCentre de pr\u00e9f\u00e9rences en mati\u00e8re de cookies : Acc\u00e9dez \u00e0 notre [Centre de pr\u00e9f\u00e9rences en mati\u00e8re de cookies] pour revoir, mettre \u00e0 jour ou retirer votre consentement \u00e0 diff\u00e9rentes cat\u00e9gories de cookies (par exemple, essentiels, de performance, de ciblage). Le Centre de pr\u00e9f\u00e9rences en mati\u00e8re de cookies est disponible au bas de chaque page pour un acc\u00e8s facile.<\/p>\n<p>Refus du suivi analytique<br \/>\nNous utilisons des outils d&rsquo;analyse pour mieux comprendre comment les utilisateurs interagissent avec notre site web. Ces outils nous aident \u00e0 analyser le trafic sur le site et le comportement des utilisateurs.<\/p>\n<p>D\u00e9sactivation de Google Analytics : Vous pouvez emp\u00eacher l&rsquo;utilisation de vos donn\u00e9es par Google Analytics en installant le module compl\u00e9mentaire de navigateur Google Analytics Opt-Out, disponible ici.<br \/>\nNe pas suivre (DNT) : Notre site web respecte les param\u00e8tres \u00ab Do Not Track \u00bb (DNT) de votre navigateur web. Si la fonction DNT est activ\u00e9e, nous ne suivrons pas votre comportement de navigation.<br \/>\nRefus des communications marketing<br \/>\nSi vous avez choisi de recevoir des communications marketing de notre part, vous pouvez vous d\u00e9sabonner ou vous d\u00e9sengager \u00e0 tout moment.<\/p>\n<p>Communications par courrier \u00e9lectronique : Vous pouvez vous d\u00e9sabonner de nos courriels en cliquant sur le lien \u00ab se d\u00e9sabonner \u00bb fourni dans chaque courriel. Vous pouvez \u00e9galement g\u00e9rer vos pr\u00e9f\u00e9rences en mati\u00e8re d&rsquo;e-mails dans les param\u00e8tres de votre compte ou en nous contactant directement.<br \/>\nCommunications par SMS : Si vous vous \u00eates inscrit pour recevoir des mises \u00e0 jour par SMS, vous pouvez vous d\u00e9sinscrire en r\u00e9pondant par \u00ab STOP \u00bb \u00e0 tout message re\u00e7u ou en ajustant vos pr\u00e9f\u00e9rences dans les param\u00e8tres de votre compte.<br \/>\nNotifications push : Si vous avez activ\u00e9 les notifications push, vous pouvez les d\u00e9sactiver \u00e0 tout moment via les param\u00e8tres de votre navigateur ou de votre appareil.<br \/>\nRefus de la publicit\u00e9 cibl\u00e9e<br \/>\nNous pouvons faire appel \u00e0 des partenaires publicitaires pour vous proposer des publicit\u00e9s personnalis\u00e9es en fonction de vos centres d&rsquo;int\u00e9r\u00eat et de votre comportement de navigation. Vous pouvez d\u00e9sactiver la publicit\u00e9 cibl\u00e9e par le biais de diff\u00e9rents m\u00e9canismes :<\/p>\n<p>Param\u00e8tres des annonces Google : R\u00e9glez vos pr\u00e9f\u00e9rences en mati\u00e8re d&rsquo;annonces dans les param\u00e8tres de Google Ads ici.<br \/>\nD\u00e9sactivation de la Network Advertising Initiative (NAI) : Vous pouvez refuser la publicit\u00e9 bas\u00e9e sur les centres d&rsquo;int\u00e9r\u00eat des entreprises membres de la NAI ici.<br \/>\nOption de refus de l&rsquo;Alliance pour la publicit\u00e9 num\u00e9rique (DAA) : La DAA propose un outil de refus de la publicit\u00e9 cibl\u00e9e par centres d&rsquo;int\u00e9r\u00eat, accessible ici.<br \/>\nAlliance europ\u00e9enne pour la publicit\u00e9 num\u00e9rique interactive (EDAA) : Les utilisateurs europ\u00e9ens peuvent g\u00e9rer leurs pr\u00e9f\u00e9rences en mati\u00e8re de publicit\u00e9 gr\u00e2ce \u00e0 l&rsquo;outil d&rsquo;exclusion de l&rsquo;EDAA.<br \/>\nAcc\u00e8s \u00e0 vos donn\u00e9es<br \/>\nVous avez le droit d&rsquo;acc\u00e9der \u00e0 vos donn\u00e9es personnelles, de les corriger, de les supprimer ou d&rsquo;en restreindre le traitement en vertu des lois applicables en mati\u00e8re de protection de la vie priv\u00e9e. Pour demander l&rsquo;une de ces actions, veuillez nous contacter en utilisant les coordonn\u00e9es fournies dans la section [Nous contacter] de notre site web.<\/p>\n<p>Demande de suppression des donn\u00e9es<br \/>\nPour demander la suppression de vos donn\u00e9es personnelles collect\u00e9es par le biais de cookies, d&rsquo;analyses ou de communications marketing, veuillez envoyer un courriel \u00e0 info@rottadiroz.com avec pour objet \u00ab Demande de suppression de donn\u00e9es \u00bb. Nous r\u00e9pondrons \u00e0 votre demande dans un d\u00e9lai de 30 jours, conform\u00e9ment aux lois applicables en mati\u00e8re de protection de la vie priv\u00e9e.<\/p>\n<p>Informations de contact<br \/>\nSi vous avez des questions ou des pr\u00e9occupations concernant la gestion de vos pr\u00e9f\u00e9rences d&rsquo;exclusion ou la confidentialit\u00e9 des donn\u00e9es, veuillez nous contacter :<\/p>\n<p>Courriel : info@rottadiroz.com<br \/>\nAdresse : 10 Av. George V, 75008 Paris, France<br \/>\nNous nous engageons \u00e0 faire en sorte que vous ayez \u00e0 tout moment le contr\u00f4le de vos donn\u00e9es et de votre vie priv\u00e9e. Veuillez consulter r\u00e9guli\u00e8rement cette page pour prendre connaissance des mises \u00e0 jour de nos pratiques en mati\u00e8re d&rsquo;exclusion.<\/p>\n","protected":false},"excerpt":{"rendered":"<p>Chez Rottadiroz, nous respectons votre vie priv\u00e9e et nous nous engageons \u00e0 vous fournir des options claires et simples pour g\u00e9rer vos pr\u00e9f\u00e9rences en mati\u00e8re de donn\u00e9es. Nous nous conformons aux lois et r\u00e9glementations relatives \u00e0 la protection de la vie priv\u00e9e, notamment le R\u00e8glement g\u00e9n\u00e9ral sur la protection des donn\u00e9es (RGPD), le California Consumer [&hellip;]<\/p>\n","protected":false},"author":1,"featured_media":0,"parent":0,"menu_order":0,"comment_status":"closed","ping_status":"closed","template":"","meta":{"footnotes":""},"class_list":["post-1042","page","type-page","status-publish","hentry"],"_links":{"self":[{"href":"https:\/\/rottadiroz.com\/index.php?rest_route=\/wp\/v2\/pages\/1042","targetHints":{"allow":["GET"]}}],"collection":[{"href":"https:\/\/rottadiroz.com\/index.php?rest_route=\/wp\/v2\/pages"}],"about":[{"href":"https:\/\/rottadiroz.com\/index.php?rest_route=\/wp\/v2\/types\/page"}],"author":[{"embeddable":true,"href":"https:\/\/rottadiroz.com\/index.php?rest_route=\/wp\/v2\/users\/1"}],"replies":[{"embeddable":true,"href":"https:\/\/rottadiroz.com\/index.php?rest_route=%2Fwp%2Fv2%2Fcomments&post=1042"}],"version-history":[{"count":2,"href":"https:\/\/rottadiroz.com\/index.php?rest_route=\/wp\/v2\/pages\/1042\/revisions"}],"predecessor-version":[{"id":1157,"href":"https:\/\/rottadiroz.com\/index.php?rest_route=\/wp\/v2\/pages\/1042\/revisions\/1157"}],"wp:attachment":[{"href":"https:\/\/rottadiroz.com\/index.php?rest_route=%2Fwp%2Fv2%2Fmedia&parent=1042"}],"curies":[{"name":"wp","href":"https:\/\/api.w.org\/{rel}","templated":true}]}}